{"id":60,"date":"2022-06-15T18:33:18","date_gmt":"2022-06-15T16:33:18","guid":{"rendered":"https:\/\/claudiorodriguez.es\/xjornadas\/?page_id=60"},"modified":"2024-07-10T11:16:57","modified_gmt":"2024-07-10T09:16:57","slug":"aviso-legal","status":"publish","type":"page","link":"https:\/\/claudiorodriguez.es\/xjornadas\/aviso-legal\/","title":{"rendered":"Aviso legal"},"content":{"rendered":"\t\t<div data-elementor-type=\"wp-page\" data-elementor-id=\"60\" class=\"elementor elementor-60\" data-elementor-post-type=\"page\">\n\t\t\t\t<div class=\"elementor-element elementor-element-b63fbd5 e-flex e-con-boxed e-con e-parent\" data-id=\"b63fbd5\" data-element_type=\"container\" data-e-type=\"container\">\n\t\t\t\t\t<div class=\"e-con-inner\">\n\t\t<div class=\"elementor-element elementor-element-85455b1 e-con-full e-flex e-con e-child\" data-id=\"85455b1\" data-element_type=\"container\" data-e-type=\"container\">\n\t\t\t\t<div class=\"elementor-element elementor-element-47b974c elementor-widget elementor-widget-heading\" data-id=\"47b974c\" data-element_type=\"widget\" data-e-type=\"widget\" data-widget_type=\"heading.default\">\n\t\t\t\t<div class=\"elementor-widget-container\">\n\t\t\t\t\t<h1 class=\"elementor-heading-title elementor-size-default\">Aviso legal<\/h1>\t\t\t\t<\/div>\n\t\t\t\t<\/div>\n\t\t\t\t<div class=\"elementor-element elementor-element-595b577 elementor-widget elementor-widget-text-editor\" data-id=\"595b577\" data-element_type=\"widget\" data-e-type=\"widget\" data-widget_type=\"text-editor.default\">\n\t\t\t\t<div class=\"elementor-widget-container\">\n\t\t\t\t\t\t\t\t\t<p>Le damos la bienvenida a nuestra web y le agradecemos su inter\u00e9s por leer las condiciones legales de nuestra web. Somos conscientes de que este tema puede no ser su preferido, pero es importante que conozca toda la informaci\u00f3n relativa a los t\u00e9rminos y condiciones legales que definen las relaciones entre los usuarios y nuestra empresa, como responsable de esta web. Como usuario es importante que conozca estos t\u00e9rminos antes de continuar su navegaci\u00f3n.<\/p>\n<p>Como responsables de esta web, nos comprometemos a procesar la informaci\u00f3n de los usuarios con plenas garant\u00edas y cumplir con los requisitos nacionales y europeos que regulan la recopilaci\u00f3n y uso de los datos personales.<\/p>\n<p>Esta web, por tanto, cumple rigurosamente con el Reglamento (UE) 2016\/679 del Parlamento Europeo y del Consejo de 27 de abril de 2016 relativo a la protecci\u00f3n de las personas f\u00edsicas (RGPD), la Ley Org\u00e1nica 3\/2018, de 5 de diciembre, de Protecci\u00f3n de Datos Personales y garant\u00eda de los derechos digitales, (LOPDGDD), as\u00ed como con la Ley 34\/2002, de 11 de julio, de Servicios de la Sociedad de la Informaci\u00f3n y Comercio Electr\u00f3nico (LSSICE \u00f3 LSSI).<\/p>\n<p>En cumplimiento del art\u00edculo 10 de la Ley 34\/2002, de 11 de julio, de Servicios de la Sociedad de la Informaci\u00f3n y Comercio Electr\u00f3nico, a continuaci\u00f3n, se exponen los datos identificativos de los responsables:<\/p>\n<p>Titular: Seminario Permanente Claudio Rodr\u00edguez&nbsp;(en adelante&nbsp;SP Claudio Rodriguez)<br>NIF: G49294846<br>Direcci\u00f3n: Calle Monforte, 1- 4 L. 49002 &#8211; Zamora<br>e-mail: spclaudiorodriguez(@)gmail.com<\/p>\n<p><strong>&nbsp;<\/strong><\/p>\n<ol>\n<li><strong>Informaci\u00f3n sobre propiedad intelectual e industrial<\/strong><\/li>\n<\/ol>\n<p>SP Claudio Rodriguez&nbsp;es el titular en exclusiva de los Derechos de Explotaci\u00f3n del presente sitio web. SP Claudio Rodriguez se reserva todos los derechos de propiedad intelectual e industrial derivados del presente site, siendo necesaria la autorizaci\u00f3n expresa y por escrito por parte SP Claudio Rodriguez para cualquier ejercicio y uso de los mismos. La presente reserva de derechos alcanza tanto a la apariencia externa (\u201clook and feel\u201d) como a los contenidos que bajo cualquier formato puedan incluirse y distribuirse a trav\u00e9s de esta web, al propio c\u00f3digo, dise\u00f1o y estructura de navegaci\u00f3n del site.<\/p>\n<p>SP Claudio Rodriguez&nbsp;podr\u00e1 realizar, en cualquier momento y sin necesidad de previo aviso, modificaciones y actualizaciones sobre la informaci\u00f3n contenida en su sitio web, o en su configuraci\u00f3n o presentaci\u00f3n. SP Claudio Rodriguez realiza todos los esfuerzos posibles para que la informaci\u00f3n suministrada a trav\u00e9s de esta web sea clara, comprensible y adecuada, as\u00ed como para evitar errores en la medida de lo posible y, en su caso, repararlos o actualizarlos. Sin embargo, SP Claudio Rodriguez no puede garantizar la inexistencia de errores ni que el contenido de la informaci\u00f3n se encuentre permanentemente actualizado.<\/p>\n<p>SP Claudio Rodriguez en ning\u00fan caso ser\u00e1 responsable del incumplimiento por parte de sus proveedores o colaboradores de los derechos de propiedad intelectual de los autores de las im\u00e1genes y fotograf\u00edas suministradas por aquellos, presuponi\u00e9ndose que los derechos de explotaci\u00f3n sobre las mismas han sido debidamente cedidos por sus titulares a los citados proveedores.<\/p>\n<p><strong>&nbsp;<\/strong><\/p>\n<ol start=\"2\">\n<li><strong>Condiciones y t\u00e9rminos de registro y acceso al sitio web. <\/strong><\/li>\n<\/ol>\n<p>El sitio web y sus servicios son de acceso libre y gratuito.&nbsp;<span style=\"font-size: 1rem;\">El usuario se compromete expresamente a hacer un uso adecuado de los contenidos y servicios de SP Claudio Rodriguez y a no emplearlos para, entre otros:<\/span><\/p>\n<ol style=\"padding-left: 40px;\" type=\"a\">\n<li>Difundir contenidos delictivos, violentos, pornogr\u00e1ficos, racistas, xen\u00f3fobos, ofensivos, de apolog\u00eda del terrorismo o, en general, contrarios a la ley o al orden p\u00fablico.<\/li>\n<li>Introducir en la red virus inform\u00e1ticos o realizar actuaciones susceptibles de alterar, estropear, interrumpir o generar errores o da\u00f1os en los documentos electr\u00f3nicos, datos o sistemas f\u00edsicos y l\u00f3gicos de SP Claudio Rodriguez&nbsp;o de terceras personas; as\u00ed como obstaculizar el acceso de otros usuarios al sitio web y a sus servicios mediante el consumo masivo de los recursos inform\u00e1ticos a trav\u00e9s de los cuales SP Claudio Rodriguez presta sus servicios.<\/li>\n<li>Intentar acceder a las cuentas de correo electr\u00f3nico de otros usuarios o a \u00e1reas restringidas de los sistemas inform\u00e1ticos de SP Claudio Rodriguez o de terceros y, en su caso, extraer informaci\u00f3n.<\/li>\n<li>Vulnerar los derechos de propiedad intelectual o industrial, as\u00ed como violar la confidencialidad de la informaci\u00f3n de SP Claudio Rodriguez o de terceros.<\/li>\n<li>Suplantar la identidad de cualquier otro usuario.<\/li>\n<li>Reproducir, copiar, distribuir, poner a disposici\u00f3n de, o cualquier otra forma de comunicaci\u00f3n p\u00fablica, transformar o modificar los contenidos, a menos que se cuente con la autorizaci\u00f3n del titular de los correspondientes derechos o ello resulte legalmente permitido.<\/li>\n<li>Recabar datos con finalidad publicitaria y de remitir publicidad de cualquier clase y comunicaciones con fines de venta u otras de naturaleza comercial sin que medie su previa solicitud o consentimiento.<\/li>\n<\/ol>\n<p>Todos los contenidos del sitio web, como textos, fotograf\u00edas, gr\u00e1ficos, im\u00e1genes, iconos, tecnolog\u00eda, software, as\u00ed como su dise\u00f1o gr\u00e1fico y c\u00f3digos fuente, constituyen una obra cuya propiedad pertenece a SP Claudio Rodriguez, sin que puedan entenderse cedidos al usuario ninguno de los derechos de explotaci\u00f3n sobre los mismos m\u00e1s all\u00e1 de lo estrictamente necesario para el correcto uso de la web.<\/p>\n<p>En definitiva, los usuarios que accedan a este sitio web pueden visualizar los contenidos y efectuar, en su caso, copias privadas autorizadas siempre que los elementos reproducidos no sean cedidos posteriormente a terceros, ni se instalen a servidores conectados a redes, ni sean objeto de ning\u00fan tipo de explotaci\u00f3n.<\/p>\n<p>Asimismo, todas las marcas, nombres comerciales o signos distintivos de cualquier clase que aparecen en el sitio web son propiedad de SP Claudio Rodriguez, sin que pueda entenderse que el uso o acceso al mismo atribuya al usuario derecho alguno sobre los mismos.<\/p>\n<p>La distribuci\u00f3n, modificaci\u00f3n, cesi\u00f3n o comunicaci\u00f3n p\u00fablica de los contenidos y cualquier otro acto que no haya sido expresamente autorizado por el titular de los derechos de explotaci\u00f3n quedan prohibidas.<\/p>\n<p>SP Claudio Rodriguez, no se responsabiliza del uso que cada usuario le d\u00e9 a los materiales puestos a disposici\u00f3n en este sitio web ni de las actuaciones que realice en base a los mismos.<\/p>\n<p><strong>&nbsp;<\/strong><\/p>\n<ol start=\"3\">\n<li><strong>Objeto<\/strong><\/li>\n<\/ol>\n<p>https:\/\/www.claudiorodriguez.com es la web oficial de SP Claudio Rodriguez donde el usuario va a encontrar informaci\u00f3n de diferente \u00edndole sobre la marca y comunicarse con los responsables afines a las inquietudes del visitante.<\/p>\n<p><strong>&nbsp;<\/strong><\/p>\n<ol start=\"4\">\n<li><strong>Pol\u00edtica de protecci\u00f3n de datos personales<\/strong><\/li>\n<\/ol>\n<p>Puedes leer qu\u00e9 datos que recopilamos y c\u00f3mo tratamos los mismos y nuestra <a href=\"\/ixjornadas\/politica-de-privacidad\/\"><span style=\"text-decoration: underline;\">pol\u00edtica de privacidad<\/span><\/a>.<\/p>\n<p><strong>&nbsp;<\/strong><\/p>\n<ol start=\"5\">\n<li><strong>Vinculaci\u00f3n a otros sitios web<\/strong><\/li>\n<\/ol>\n<p>Se proh\u00edbe la presentaci\u00f3n de una p\u00e1gina del sitio web en una ventana de un sitio web que no pertenezca al titular de la web, mediante la t\u00e9cnica denominada \u00abframing\u00bb, a no ser que cuente con el expreso consentimiento del titular.<\/p>\n<p>Se proh\u00edbe la inserci\u00f3n de cualquier tipo de contenido difundido a trav\u00e9s de web SP Claudio Rodriguez, en otro sitio web distinto a aquel mediante la t\u00e9cnica denominada \u00abin line linking\u00bb, si ello, no cuenta con el expreso consentimiento del titular de la web.<\/p>\n<p>Se autoriza el establecimiento de links de hipertexto (hiperv\u00ednculos) en otros sitios web, los cuales est\u00e9n dirigidos al home page web SP Claudio Rodriguez, o en su caso, a cualquier otra p\u00e1gina interna (\u201cdeep link\u201d) del sitio web, siempre que las correspondientes p\u00e1ginas aparezcan en una ventana completa y bajo sus respectivas direcciones IP, asumiendo su total responsabilidad y riesgo aquel que proceda al establecer el hiperv\u00ednculo a web site.<\/p>\n<p>El establecimiento de un hiperenlace no implica en ning\u00fan caso la existencia de relaciones entre SP Claudio Rodriguez y el propietario del sitio web en la que se establezca, ni la aceptaci\u00f3n y aprobaci\u00f3n por parte de SP Claudio Rodriguez. de sus contenidos o servicios.<\/p>\n<p><strong>&nbsp;<\/strong><\/p>\n<ol start=\"6\">\n<li><strong>Responsabilidades <\/strong><\/li>\n<\/ol>\n<p>En el caso de que el usuario o cualquier otro usuario de Internet tuviera conocimiento de que en el sitio web exhibe contenidos o servicios il\u00edcitos, nocivos, denigrantes, violentos o contrarios a la moral o de que los sitios enlazados remiten a p\u00e1ginas con dicho contenido, deber\u00e1 ponerse en contacto con SP Claudio Rodriguez en la direcci\u00f3n de correo electr\u00f3nico indicada en este aviso legal, identific\u00e1ndose de forma suficiente si fuese preciso y describiendo los hechos que considera il\u00edcitos o inadecuados. En el supuesto de violaci\u00f3n de derechos tales como los de propiedad intelectual e industrial, deber\u00e1 aportar tambi\u00e9n los datos personales del titular del derecho infringido, cuando sea persona distinta del comunicante. Asimismo, deber\u00e1 aportar el t\u00edtulo que acredite la legitimaci\u00f3n del titular de los derechos y, en su caso, el de representaci\u00f3n para actuar por cuenta del titular cuando sea persona distinta del comunicante, y declaraci\u00f3n expresa de que la informaci\u00f3n contenida en la reclamaci\u00f3n es exacta.<\/p>\n<p>La recepci\u00f3n por parte de SP Claudio Rodriguez de la comunicaci\u00f3n prevista en esta cl\u00e1usula no supondr\u00e1, seg\u00fan lo dispuesto en la LSSI, el conocimiento efectivo de las actividades y\/o contenidos indicados por el comunicante.<\/p>\n<p>SP Claudio Rodriguez no garantiza de ninguna forma la precisi\u00f3n, contenido, integridad, legalidad, fiabilidad, actualidad, veracidad, exactitud, funcionamiento o disponibilidad de los contenidos y servicios que ofrece, declinando cualquier responsabilidad sobre los mismos, as\u00ed como los perjuicios que en su caso puedan contemplar. La informaci\u00f3n que se ofrece tiene un car\u00e1cter meramente informativo y no es representativa de nada. Lo dicho anteriormente es extensible a los enlaces, contenidos y opiniones no pertenecientes al titular u no alojados en el presente sitio web, correspondiendo la responsabilidad en todo caso a los titulares de los contenidos y de los sitios en cuesti\u00f3n. As\u00ed mismo, SP Claudio Rodriguez no se hace responsable del uso incorrecto que en su caso pudiera efectuarse de los contenidos ofrecidos, declinando toda responsabilidad al respecto.<\/p>\n<p>SP Claudio Rodriguez no se hace responsable directa o subsidiariamente de cuantas reclamaciones puedan derivarse de la calidad, fiabilidad, exactitud o correcci\u00f3n de los contenidos.<\/p>\n<p><strong>&nbsp;<\/strong><\/p>\n<ol start=\"7\">\n<li><strong>Prestaci\u00f3n del servicio<\/strong><\/li>\n<\/ol>\n<p>SP Claudio Rodriguez se reserva el derecho a modificar sus programas, as\u00ed como la sistematizaci\u00f3n de los datos suministrados y las caracter\u00edsticas t\u00e9cnicas de acceso y transmisi\u00f3n. Cuando dichos cambios no permitan un uso compatible con las versiones anteriores instaladas, SP Claudio Rodriguez, lo comunicar\u00e1 a trav\u00e9s de su sitio web. Igualmente se reserva el derecho de interrumpir parcial o totalmente el servicio por cambios t\u00e9cnicos o aver\u00edas, comunic\u00e1ndolo previamente a trav\u00e9s de su sitio web si es posible o a trav\u00e9s de cualquier otro sitio habilitado al efecto.<\/p>\n<p>SP Claudio Rodriguez, velar\u00e1, en la medida de lo posible, por la seguridad inform\u00e1tica de los soportes t\u00e9cnicos usados por el usuario en su navegaci\u00f3n por las p\u00e1ginas del sitio web. Sin embargo, debido a que Internet no puede ser considerado un medio seguro, SP Claudio Rodriguez, no puede garantizar la ausencia de virus u otros elementos lesivos, introducidos por terceros, que pudieran causar da\u00f1os o alteraciones en el sistema inform\u00e1tico, en los documentos electr\u00f3nicos o en los ficheros del usuario que visite este Sitio Web. En consecuencia, SP Claudio Rodriguez, no responder\u00e1 por los da\u00f1os y perjuicios que tales elementos pudieran ocasionar al usuario o a terceros.<\/p>\n<p>No es responsabilidad de SP Claudio Rodriguez el sistema operativo que en este momento est\u00e9 implantado, ni las consecuencias que de un mal funcionamiento del mismo pudieran derivarse.<\/p>\n<p>SP Claudio Rodriguez, se reserva el derecho de efectuar sin previo aviso las modificaciones que considere oportunas en su sitio web, pudiendo cambiar, suprimir o a\u00f1adir tanto los contenidos y servicios que se presten a trav\u00e9s de la misma como la forma en la que \u00e9stos aparezcan presentados o localizados en su sitio web.<\/p>\n<p><strong>&nbsp;<\/strong><\/p>\n<ol start=\"8\">\n<li><strong>Derechos de imagen y disclaimer<\/strong><\/li>\n<\/ol>\n<p>SP Claudio Rodriguez, no se hace responsable de los contenidos, informaciones e im\u00e1genes que no dependan del Web site, ni sean gestionados por SP Claudio Rodriguez, aunque aparezcan en el Web site en virtud de cualquier convenio firmado por SP Claudio Rodriguez.<\/p>\n<p><strong>&nbsp;<\/strong><\/p>\n<ol start=\"9\">\n<li><strong>Infracciones<\/strong><\/li>\n<\/ol>\n<p>SP Claudio Rodriguez, perseguir\u00e1 el incumplimiento de las anteriores condiciones, as\u00ed como cualquier utilizaci\u00f3n prohibida e indebida de su sitio web ejerciendo todas las acciones civiles y penales que le puedan corresponder en derecho.<\/p>\n<p><strong>&nbsp;<\/strong><\/p>\n<ol start=\"10\">\n<li><strong>Validez<\/strong><\/li>\n<\/ol>\n<p>En el caso de que alguna cl\u00e1usula o parte de la misma del presente aviso fuera declarada nula, dicha circunstancia no afectar\u00e1 a la validez del resto.<\/p>\n<p><strong>&nbsp;<\/strong><\/p>\n<ol start=\"11\">\n<li><strong>Jurisdicci\u00f3n y fuero aplicable<\/strong><\/li>\n<\/ol>\n<p>La ley aplicable a cualquier controversia que se suscite con relaci\u00f3n al presente site y a los contenidos en \u00e9l ofrecidos, ser\u00e1 la ley espa\u00f1ola. Las partes acuerdan someterse a los Juzgados y Tribunales de la ciudad de Zamora con renuncia expresa a cualquier otro fuero que pudiera corresponderles.<\/p>\n<p><em>\u00daltima actualizaci\u00f3n el 10 de julio de 2024.<\/em><\/p>\t\t\t\t\t\t\t\t<\/div>\n\t\t\t\t<\/div>\n\t\t\t\t<\/div>\n\t\t\t\t\t<\/div>\n\t\t\t\t<\/div>\n\t\t\t\t<\/div>\n\t\t","protected":false},"excerpt":{"rendered":"<p>Le damos la bienvenida a nuestra web y le agradecemos su inter\u00e9s por leer las condiciones legales de nuestra web. Somos conscientes de que este tema puede no ser su preferido, pero es importante que conozca toda la informaci\u00f3n relativa a los t\u00e9rminos y condiciones legales que definen las relaciones entre los usuarios y nuestra [&hellip;]<\/p>\n","protected":false},"author":1,"featured_media":0,"parent":0,"menu_order":0,"comment_status":"closed","ping_status":"closed","template":"elementor_canvas","meta":{"footnotes":""},"class_list":["post-60","page","type-page","status-publish","hentry"],"_links":{"self":[{"href":"https:\/\/claudiorodriguez.es\/xjornadas\/wp-json\/wp\/v2\/pages\/60","targetHints":{"allow":["GET"]}}],"collection":[{"href":"https:\/\/claudiorodriguez.es\/xjornadas\/wp-json\/wp\/v2\/pages"}],"about":[{"href":"https:\/\/claudiorodriguez.es\/xjornadas\/wp-json\/wp\/v2\/types\/page"}],"author":[{"embeddable":true,"href":"https:\/\/claudiorodriguez.es\/xjornadas\/wp-json\/wp\/v2\/users\/1"}],"replies":[{"embeddable":true,"href":"https:\/\/claudiorodriguez.es\/xjornadas\/wp-json\/wp\/v2\/comments?post=60"}],"version-history":[{"count":0,"href":"https:\/\/claudiorodriguez.es\/xjornadas\/wp-json\/wp\/v2\/pages\/60\/revisions"}],"wp:attachment":[{"href":"https:\/\/claudiorodriguez.es\/xjornadas\/wp-json\/wp\/v2\/media?parent=60"}],"curies":[{"name":"wp","href":"https:\/\/api.w.org\/{rel}","templated":true}]}}