{"id":3,"date":"2018-11-08T17:12:43","date_gmt":"2018-11-08T16:12:43","guid":{"rendered":"https:\/\/claudiorodriguez.es\/xjornadas\/?page_id=3"},"modified":"2024-07-10T11:15:44","modified_gmt":"2024-07-10T09:15:44","slug":"politica-de-privacidad","status":"publish","type":"page","link":"https:\/\/claudiorodriguez.es\/xjornadas\/politica-de-privacidad\/","title":{"rendered":"Pol\u00edtica de privacidad"},"content":{"rendered":"\t\t<div data-elementor-type=\"wp-page\" data-elementor-id=\"3\" class=\"elementor elementor-3\" data-elementor-post-type=\"page\">\n\t\t\t\t<div class=\"elementor-element elementor-element-e34fdfc e-flex e-con-boxed e-con e-parent\" data-id=\"e34fdfc\" data-element_type=\"container\" data-e-type=\"container\">\n\t\t\t\t\t<div class=\"e-con-inner\">\n\t\t<div class=\"elementor-element elementor-element-b6382f7 e-con-full e-flex e-con e-child\" data-id=\"b6382f7\" data-element_type=\"container\" data-e-type=\"container\">\n\t\t\t\t<div class=\"elementor-element elementor-element-b5317b1 elementor-widget elementor-widget-heading\" data-id=\"b5317b1\" data-element_type=\"widget\" data-e-type=\"widget\" data-widget_type=\"heading.default\">\n\t\t\t\t<div class=\"elementor-widget-container\">\n\t\t\t\t\t<h1 class=\"elementor-heading-title elementor-size-default\">Pol\u00edtica de privacidad<\/h1>\t\t\t\t<\/div>\n\t\t\t\t<\/div>\n\t\t\t\t<div class=\"elementor-element elementor-element-7c64388 elementor-widget elementor-widget-text-editor\" data-id=\"7c64388\" data-element_type=\"widget\" data-e-type=\"widget\" data-widget_type=\"text-editor.default\">\n\t\t\t\t<div class=\"elementor-widget-container\">\n\t\t\t\t\t\t\t\t\t<p>Tu privacidad es importante para nosotros, y tambi\u00e9n lo es la transparencia acerca de c\u00f3mo recopilamos, usamos y compartimos informaci\u00f3n sobre tus datos. Esta pol\u00edtica tiene como objetivo ayudarte a comprender, principalmente:<\/p><ol><li style=\"list-style-type: none;\"><ol><li>Acceso a la web por parte de menores<\/li><li>Qui\u00e9nes somos<\/li><li>Para qu\u00e9 tratamos tus datos<\/li><li>Durante cu\u00e1nto tiempo utilizamos la informaci\u00f3n recabada<\/li><li>Cu\u00e1l es la base legitimadora del tratamiento<\/li><li>Cu\u00e1l es la informaci\u00f3n que recopilamos sobre ti<\/li><li>Con quien compartimos la informaci\u00f3n que recogemos<\/li><li>C\u00f3mo almacenamos y protegemos la informaci\u00f3n que recopilamos<\/li><li>Qu\u00e9 derechos tienes cuando nos facilitas tus datos<\/li><li>C\u00f3mo gestionaremos los cambios en nuestra pol\u00edtica de privacidad<\/li><\/ol><\/li><\/ol><p><strong>\u00a0<\/strong><\/p><ol><li><strong>Menores de edad<\/strong><\/li><\/ol><p>Conforme a lo dispuesto en la normativa de protecci\u00f3n de datos, Seminario Permanente Claudio Rodr\u00edguez determina como requisito indispensable para que puedas acceder a esta web que tengas m\u00e1s de 16 a\u00f1os. Si eres menor de 16 a\u00f1os y has accedido a este sitio web no debes proporcionarnos ning\u00fan dato tuyo. La responsabilidad de la veracidad de esta informaci\u00f3n recae sobre ti. SP Claudio Rodr\u00edguez en el supuesto de que compruebe que no se cumple el citado requisito, tiene la potestad para hacer caso omiso a la solicitud de informaci\u00f3n remitida. En ning\u00fan caso se recabar\u00e1n del menor de edad datos relativos a la situaci\u00f3n profesional, econ\u00f3mica o a la intimidad de los otros miembros de la familia, sin el consentimiento de estos.<\/p><ol start=\"2\"><li><strong>\u00bfQui\u00e9n es el responsable del tratamiento de tus datos?<\/strong><\/li><\/ol><p>Titular: Seminario Permanente Claudio Rodr\u00edguez\u00a0(en adelante SP Claudio Rodriguez)<br \/>NIF: G49294846<br \/>Direcci\u00f3n: Calle Monforte, 1- 4 L. 49002 &#8211; Zamora<br \/>e-mail: spclaudiorodriguez(@)gmail.com<\/p><ol start=\"3\"><li><strong>\u00bfCon qu\u00e9 finalidad tratamos tus datos personales?<\/strong><\/li><\/ol><p>SP Claudio Rodr\u00edguez recopila su informaci\u00f3n para operar de manera efectiva y poderle ofrecer las mejores experiencias con nuestros servicios. Podemos recopilar, usar y divulgar la informaci\u00f3n para los siguientes fines:<\/p><ol><li style=\"list-style-type: none;\"><ol><li>Facilitar la informaci\u00f3n que el propio interesado solicite sobre nuestros productos<\/li><li>Gestionar y dar respuesta a posibles consultas, quejas y reclamaciones realizadas por cualquier medio, incluidos los electr\u00f3nicos.<\/li><\/ol><\/li><\/ol><div>\u00a0<\/div><ol start=\"4\"><li><strong>\u00bfPor cu\u00e1nto tiempo conservaremos tus datos?<\/strong><\/li><\/ol><p>Tus datos remitidos ser\u00e1n conservados mientras no revoques tu consentimiento para que los tratemos, en cuyo caso tus datos ser\u00e1n conservados \u00fanicamente durante el plazo exigido por la normativa legal aplicable.<\/p><p>Tratamos tus datos de manera l\u00edcita, leal, transparente, adecuada, pertinente, limitada, exacta y actualizada. Es por ello que nos comprometemos a adoptar todas las medidas razonables para que estos se supriman o rectifiquen sin dilaci\u00f3n cuando sean inexactos.<\/p><ol start=\"5\"><li><strong>\u00bfCu\u00e1l es la legitimaci\u00f3n para el tratamiento de tus datos?<\/strong><\/li><\/ol><p>Tu consentimiento manifestado expresamente al aceptar la presente pol\u00edtica de protecci\u00f3n de datos, antes de enviarnos los datos a trav\u00e9s del correspondiente formulario o al remitirnos un correo electr\u00f3nico.<\/p><p>Para el resto de finalidades, acorde con el Registro de actividades de tratamiento, tenemos diferentes bases de legitimaci\u00f3n.<\/p><ol start=\"6\"><li><strong>\u00bfQu\u00e9 tipos de datos tratamos?<\/strong><\/li><\/ol><p>Los datos nos pueden llegan directamente de los clientes, de terceras personas que gestionan los pedidos en nombre del cliente. Datos proporcionados en los formularios de contacto y p\u00e1gina web:<\/p><ul><li>Datos de identificaci\u00f3n: nombre, apellidos.<\/li><li>Datos de contacto: direcci\u00f3n de correo electr\u00f3nico<\/li><\/ul><p><span style=\"font-size: 1rem;\"><br \/>No tratamos categor\u00edas especiales de datos personales a trav\u00e9s de la web.<\/span><\/p><ol start=\"7\"><li><strong>\u00bfA qu\u00e9 destinatarios se comunicar\u00e1n tus datos?<\/strong><\/li><\/ol><p>En funci\u00f3n de los servicios o productos en los que est\u00e9 interesado o contrates, se podr\u00e1n comunicar tus datos personales a terceros, como a GOOGLE a trav\u00e9s de la aceptaci\u00f3n de cookies, siendo dicha comunicaci\u00f3n necesaria para el adecuado cumplimiento de las obligaciones legales y\/o de las finalidades anteriormente indicadas. Dichos proveedores no tratar\u00e1n tus datos para finalidades propias que no hayan sido previamente informadas por SP Claudio Rodr\u00edguez.<\/p><p>En todo caso, estas cesiones ser\u00e1n convenientemente advertidas al Usuario, detallando la identidad de la Cesionaria y la finalidad de la misma.<\/p><p>En determinadas ocasiones es necesario contar\u00a0\u00a0 otras entidades o proveedores de servicios, en este caso estos profesionales ser\u00e1n destinatarios de tus datos, pero ello se har\u00e1 siempre con contratos y garant\u00edas sujetos a los modelos aprobados por las autoridades. En otros casos ser\u00e1 necesario enviar datos a Organismos p\u00fablicos, Registros, y otro tipo de administraciones p\u00fablicas. Estas comunicaciones obedecen a siempre a una obligaci\u00f3n legal.<\/p><ol start=\"8\"><li><strong>\u00bfCu\u00e1les son tus derechos cuando nos facilitas tus datos?<\/strong><\/li><\/ol><p>Toda persona que nos facilite sus datos tiene los siguientes derechos:<\/p><ul><li>Cualquier persona tiene derecho a obtener <strong>confirmaci\u00f3n<\/strong> sobre si estamos tratando datos personales que le conciernan. Las personas interesadas tienen derecho a <strong>acceder<\/strong> a sus datos personales, as\u00ed como a solicitar la <strong>rectificaci\u00f3n<\/strong> de los datos inexactos o, en su caso, solicitar su <strong>supresi\u00f3n<\/strong> cuando, entre otros motivos, los datos ya no sean necesarios para los fines para los que fueron recogidos.<\/li><\/ul><ul><li>En las condiciones previstas en el Reglamento General de Protecci\u00f3n de Datos, los interesados podr\u00e1n solicitar la <strong>limitaci\u00f3n del tratamiento<\/strong> de sus datos o <strong>su portabilidad<\/strong>, en cuyo caso \u00fanicamente los conservaremos para el ejercicio o la defensa de reclamaciones.<\/li><\/ul><ul><li>En determinadas circunstancias y por motivos relacionados con su situaci\u00f3n particular, los interesados podr\u00e1n <strong>oponerse <\/strong>al tratamiento de sus datos. Si has otorgado el consentimiento para alguna finalidad espec\u00edfica, tienes derecho a retirarlo en cualquier momento, sin que ello afecte a la licitud del tratamiento basado en el consentimiento previo a su retirada. En estos supuestos dejaremos de tratar los datos o, en su caso, dejaremos de hacerlo para esa finalidad en concreto, salvo por motivos leg\u00edtimos, imperiosos o el ejercicio o la defensa de posibles reclamaciones.<\/li><\/ul><ul><li>Todos los derechos mencionados pueden ejercerse a trav\u00e9s de los medios de contacto que figuran en el apartado \u201cResponsable del tratamiento\u201d de esta Pol\u00edtica de Privacidad.<\/li><\/ul><ul><li>Frente a cualquier vulneraci\u00f3n de tus derechos, especialmente cuando no hayas obtenido satisfacci\u00f3n en su ejercicio, puedes presentar una<strong> reclamaci\u00f3n ante la Agencia Espa\u00f1ola de Protecci\u00f3n de Dato<\/strong>s (datos de contacto accesibles en www.agpd.es) u otra autoridad de control competente. Tambi\u00e9n puedes obtener m\u00e1s informaci\u00f3n sobre los derechos que te asisten dirigi\u00e9ndote a dichos organismos.<\/li><\/ul><div>\u00a0<\/div><div>\u00a0<\/div><ol start=\"9\"><li><strong>Comunicaciones comerciales por medios electr\u00f3nicos<\/strong><\/li><\/ol><p>SP Claudio Rodr\u00edguez te informa que da cumplimiento a la Ley 34\/2002 de 11 de julio, de Servicios de la Sociedad de la Informaci\u00f3n y el Comercio Electr\u00f3nico y no realiza pr\u00e1cticas de SPAM, por ello te solicitar\u00e1 tu consentimiento al tratamiento de tu correo electr\u00f3nico o tel\u00e9fono m\u00f3vil con fines comerciales en cada momento.<\/p><ol start=\"10\"><li><strong>Actualizaci\u00f3n de la pol\u00edtica de privacidad<\/strong><\/li><\/ol><p>SP Claudio Rodr\u00edguez se reserva el derecho de modificar su pol\u00edtica de privacidad o condiciones de uso de sus servicios por motivos de adaptaci\u00f3n a la legislaci\u00f3n vigente, u otros motivos, cuando esto ocurra, te avisaremos de cualquier cambio y te pediremos que vuelvas a leer la versi\u00f3n m\u00e1s reciente de nuestra pol\u00edtica y en su caso que confirmes su aceptaci\u00f3n. Se asegura la absoluta confidencialidad y privacidad de los datos personales recogidos y por ello se han adoptado medidas de seguridad a fin de evitar la alteraci\u00f3n, p\u00e9rdida, tratamiento o acceso no autorizado, y garantizar as\u00ed su integridad, disponibilidad y seguridad. Sin embargo, SP Claudio Rodr\u00edguez, no ser\u00e1 responsable de las incidencias que puedan surgir en torno a datos personales cuando estas se deriven: bien de un ataque o acceso no autorizado a los sistemas, de tal forma que resulte imposible detectarlo o impedirlo, aun adopt\u00e1ndose las medidas seg\u00fan el estado de la tecnolog\u00eda actual.<\/p><p><em>\u00daltima actualizaci\u00f3n el 10 de julio de 2024.<\/em><\/p>\t\t\t\t\t\t\t\t<\/div>\n\t\t\t\t<\/div>\n\t\t\t\t<\/div>\n\t\t\t\t\t<\/div>\n\t\t\t\t<\/div>\n\t\t\t\t<\/div>\n\t\t","protected":false},"excerpt":{"rendered":"<p>Tu privacidad es importante para nosotros, y tambi\u00e9n lo es la transparencia acerca de c\u00f3mo recopilamos, usamos y compartimos informaci\u00f3n sobre tus datos. Esta pol\u00edtica tiene como objetivo ayudarte a comprender, principalmente: Acceso a la web por parte de menores Qui\u00e9nes somos Para qu\u00e9 tratamos tus datos Durante cu\u00e1nto tiempo utilizamos la informaci\u00f3n recabada Cu\u00e1l [&hellip;]<\/p>\n","protected":false},"author":1,"featured_media":0,"parent":0,"menu_order":0,"comment_status":"closed","ping_status":"closed","template":"elementor_canvas","meta":{"footnotes":""},"class_list":["post-3","page","type-page","status-publish","hentry"],"_links":{"self":[{"href":"https:\/\/claudiorodriguez.es\/xjornadas\/wp-json\/wp\/v2\/pages\/3","targetHints":{"allow":["GET"]}}],"collection":[{"href":"https:\/\/claudiorodriguez.es\/xjornadas\/wp-json\/wp\/v2\/pages"}],"about":[{"href":"https:\/\/claudiorodriguez.es\/xjornadas\/wp-json\/wp\/v2\/types\/page"}],"author":[{"embeddable":true,"href":"https:\/\/claudiorodriguez.es\/xjornadas\/wp-json\/wp\/v2\/users\/1"}],"replies":[{"embeddable":true,"href":"https:\/\/claudiorodriguez.es\/xjornadas\/wp-json\/wp\/v2\/comments?post=3"}],"version-history":[{"count":0,"href":"https:\/\/claudiorodriguez.es\/xjornadas\/wp-json\/wp\/v2\/pages\/3\/revisions"}],"wp:attachment":[{"href":"https:\/\/claudiorodriguez.es\/xjornadas\/wp-json\/wp\/v2\/media?parent=3"}],"curies":[{"name":"wp","href":"https:\/\/api.w.org\/{rel}","templated":true}]}}